{"id":461,"date":"2022-05-04T20:33:34","date_gmt":"2022-05-04T18:33:34","guid":{"rendered":"https:\/\/www.arge-bau-consult.at\/?page_id=461"},"modified":"2024-01-25T07:49:48","modified_gmt":"2024-01-25T06:49:48","slug":"impressum","status":"publish","type":"page","link":"https:\/\/www.arge-bau-consult.at\/?page_id=461","title":{"rendered":"Impressum"},"content":{"rendered":"<p>[et_pb_section fb_built=&#8220;1&#8243; admin_label=&#8220;Sektion&#8220; _builder_version=&#8220;4.16&#8243; _module_preset=&#8220;default&#8220; global_colors_info=&#8220;{}&#8220;][et_pb_row _builder_version=&#8220;4.16&#8243; _module_preset=&#8220;default&#8220; global_colors_info=&#8220;{}&#8220;][et_pb_column type=&#8220;4_4&#8243; _builder_version=&#8220;4.16&#8243; _module_preset=&#8220;default&#8220; global_colors_info=&#8220;{}&#8220;][et_pb_text _builder_version=&#8220;4.19.4&#8243; _module_preset=&#8220;default&#8220; custom_padding=&#8220;||0px|||&#8220; global_colors_info=&#8220;{}&#8220;]<\/p>\n<h3 style=\"--fontsize: 21; line-height: 1.5; --minfontsize: 21;\" data-fontsize=\"21\" data-lineheight=\"31.5px\" class=\"fusion-responsive-typography-calculated\">Impressum<\/h3>\n<p class=\"adsimple-121890433\">Informationspflicht laut \u00a75 E-Commerce Gesetz, \u00a714 Unternehmensgesetzbuch, \u00a763 Gewerbeordnung und Offenlegungspflicht laut \u00a725 Mediengesetz.<\/p>\n<p class=\"adsimple-121890433\">Arge Bau Consult<br \/><strong>ZVR:<\/strong> 1740100201<\/p>\n<p class=\"adsimple-121890433\">Johann-Hoffmann-Platz 16<br \/>1120 Wien<br \/>\u00d6sterreich<\/p>\n<p class=\"adsimple-121890433\"><strong>Organschaftliche Vertreter<\/strong><br \/>Michael Schwaiger<br \/>Gerhard Peyreder<\/p>\n<p class=\"adsimple-121890433\">\n<p class=\"adsimple-121890433\"><strong>Vereinssitz:<\/strong> 1190 Wien<br \/><strong>Tel.:<\/strong> \u00a0<span>+43 (0) 662 828 950<\/span><br \/><strong>E-Mail:<\/strong> <a href=\"mailto:office@arge-bau-consult.at\">office@arge-bau-consult.at<\/a><\/p>\n<p class=\"adsimple-121890433\"><strong>Vereinszweck:<\/strong><br \/>Der Verein, dessen T\u00e4tigkeit nicht auf Gewinn gerichtet ist, bezweckt die Weiterbildung von verschiedenen unabh\u00e4ngigen Versicherungsmaklern aus \u00d6sterreich im Hinblick auf die Gestaltung und Vertrieb von speziellen Betriebsversicherungen, sowie die Distribution von diesbez\u00fcglichen Versicherungsl\u00f6sungen, den fachlichen Austausch und die Information der Bev\u00f6lkerung dar\u00fcber. Die einzelnen Mitglieder d\u00fcrfen sich im \u00f6ffentlichen Auftritt als \u201eMitglieder der Arge Bau Versicherungen\u201c bezeichnen.<\/p>\n<p class=\"adsimple-121890433\"><strong>Kontaktdaten des Verantwortlichen f\u00fcr Datenschutz<\/strong><br \/>Sollten Sie Fragen zum Datenschutz haben, finden Sie nachfolgend die Kontaktdaten der verantwortlichen Person bzw. Stelle:<\/p>\n<p class=\"adsimple-121890433\">Arge Bau Consult<br \/>Johann-Hoffmann-Platz 16, 1120 Wien, \u00d6sterreich<br \/>Vertretungsberechtigt: Michael Schwaiger<br \/>E-Mail-Adresse: <a href=\"mailto:office@eurorisk.at\"><span>office@eurorisk.at<\/span><\/a><br \/>Telefon: <span>+43 (0) 662 828 950<\/span><br \/>Impressum: <a href=\"http:\/\/www.eurorisk.at\">www.eurorisk.at<\/a><\/p>\n<h3 id=\"eu-streitschlichtung\" class=\"adsimple-121890433 fusion-responsive-typography-calculated\" data-fontsize=\"21\" data-lineheight=\"31.5px\" style=\"--fontsize: 21; line-height: 1.5; --minfontsize: 21;\">EU-Streitschlichtung<\/h3>\n<p>Gem\u00e4\u00df Verordnung \u00fcber Online-Streitbeilegung in Verbraucherangelegenheiten (ODR-Verordnung) m\u00f6chten wir Sie \u00fcber die Online-Streitbeilegungsplattform (OS-Plattform) informieren.<br \/>Verbraucher haben die M\u00f6glichkeit, Beschwerden an die Online Streitbeilegungsplattform der Europ\u00e4ischen Kommission unter <a class=\"adsimple-121890433 external\" href=\"https:\/\/ec.europa.eu\/consumers\/odr\/main\/index.cfm?event=main.home2.show&amp;lng=DE\" target=\"_blank\" rel=\"noopener nofollow\">http:\/\/ec.europa.eu\/odr?tid=121890433<\/a> zu richten. Die daf\u00fcr notwendigen Kontaktdaten finden Sie oberhalb in unserem Impressum.<\/p>\n<p>Wir m\u00f6chten Sie jedoch darauf hinweisen, dass wir nicht bereit oder verpflichtet sind, an Streitbeilegungsverfahren vor einer Verbraucherschlichtungsstelle teilzunehmen.<\/p>\n<h3 id=\"haftung-fuer-inhalte-dieser-webseite\" class=\"adsimple-121890433 fusion-responsive-typography-calculated\" data-fontsize=\"21\" data-lineheight=\"31.5px\" style=\"--fontsize: 21; line-height: 1.5; --minfontsize: 21;\">Haftung f\u00fcr Inhalte dieser Website<\/h3>\n<p>Wir entwickeln die Inhalte dieser Website st\u00e4ndig weiter und bem\u00fchen uns korrekte und aktuelle Informationen bereitzustellen. Leider k\u00f6nnen wir keine Haftung f\u00fcr die Korrektheit aller Inhalte auf dieser Website \u00fcbernehmen, speziell f\u00fcr jene, die seitens Dritter bereitgestellt wurden. Als Diensteanbieter sind wir nicht verpflichtet, die von ihnen \u00fcbermittelten oder gespeicherten Informationen zu \u00fcberwachen oder nach Umst\u00e4nden zu forschen, die auf eine rechtswidrige T\u00e4tigkeit hinweisen.<\/p>\n<p>Unsere Verpflichtungen zur Entfernung von Informationen oder zur Sperrung der Nutzung von Informationen nach den allgemeinen Gesetzen aufgrund von gerichtlichen oder beh\u00f6rdlichen Anordnungen bleiben auch im Falle unserer Nichtverantwortlichkeit davon unber\u00fchrt.<\/p>\n<p>Sollten Ihnen problematische oder rechtswidrige Inhalte auffallen, bitte wir Sie uns umgehend zu kontaktieren, damit wir die rechtswidrigen Inhalte entfernen k\u00f6nnen. Sie finden die Kontaktdaten im Impressum.<\/p>\n<h3 id=\"haftung-links-webseite\" class=\"adsimple-121890433 fusion-responsive-typography-calculated\" data-fontsize=\"21\" data-lineheight=\"31.5px\" style=\"--fontsize: 21; line-height: 1.5; --minfontsize: 21;\">Haftung f\u00fcr Links auf dieser Website<\/h3>\n<p>Unsere Website enth\u00e4lt Links zu anderen Websites f\u00fcr deren Inhalt wir nicht verantwortlich sind. Haftung f\u00fcr verlinkte Websites besteht f\u00fcr uns nicht, da wir keine Kenntnis rechtswidriger T\u00e4tigkeiten hatten und haben, uns solche Rechtswidrigkeiten auch bisher nicht aufgefallen sind und wir Links sofort entfernen w\u00fcrden, wenn uns Rechtswidrigkeiten bekannt werden.<\/p>\n<p>Wenn Ihnen rechtswidrige Links auf unserer Website auffallen, bitte wir Sie uns zu kontaktieren. Sie finden die Kontaktdaten im Impressum.<\/p>\n<h3 id=\"urheberrechtshinweis\" class=\"adsimple-121890433 fusion-responsive-typography-calculated\" data-fontsize=\"21\" data-lineheight=\"31.5px\" style=\"--fontsize: 21; line-height: 1.5; --minfontsize: 21;\">Urheberrechtshinweis<\/h3>\n<p>Alle Inhalte dieser Webseite (Bilder, Fotos, Texte, Videos) unterliegen dem Urheberrecht. Bitte fragen Sie uns bevor Sie die Inhalte dieser Website verbreiten, vervielf\u00e4ltigen oder verwerten wie zum Beispiel auf anderen Websites erneut ver\u00f6ffentlichen. Falls notwendig, werden wir die unerlaubte Nutzung von Teilen der Inhalte unserer Seite rechtlich verfolgen.<\/p>\n<p>Sollten Sie auf dieser Webseite Inhalte finden, die das Urheberrecht verletzen, bitten wir Sie uns zu kontaktieren.<\/p>\n<h3 id=\"bildernachweis\" class=\"adsimple-121890433 fusion-responsive-typography-calculated\" data-fontsize=\"21\" data-lineheight=\"31.5px\" style=\"--fontsize: 21; line-height: 1.5; --minfontsize: 21;\">Bildernachweis<\/h3>\n<p>Die Bilder, Fotos und Grafiken auf dieser Webseite sind urheberrechtlich gesch\u00fctzt.<\/p>\n<p>Alle Texte sind urheberrechtlich gesch\u00fctzt.<\/p>\n<p>[\/et_pb_text][\/et_pb_column][\/et_pb_row][\/et_pb_section]<\/p>\n","protected":false},"excerpt":{"rendered":"<p>Impressum Informationspflicht laut \u00a75 E-Commerce Gesetz, \u00a714 Unternehmensgesetzbuch, \u00a763 Gewerbeordnung und Offenlegungspflicht laut \u00a725 Mediengesetz. Arge Bau ConsultZVR: 1740100201 Johann-Hoffmann-Platz 161120 Wien\u00d6sterreich Organschaftliche VertreterMichael SchwaigerGerhard Peyreder Vereinssitz: 1190 WienTel.: \u00a0+43 (0) 662 828 950E-Mail: office@arge-bau-consult.at Vereinszweck:Der Verein, dessen T\u00e4tigkeit nicht auf Gewinn gerichtet ist, bezweckt die Weiterbildung von verschiedenen unabh\u00e4ngigen Versicherungsmaklern aus \u00d6sterreich im Hinblick [&hellip;]<\/p>\n","protected":false},"author":1,"featured_media":0,"parent":0,"menu_order":0,"comment_status":"closed","ping_status":"closed","template":"","meta":{"_et_pb_use_builder":"on","_et_pb_old_content":"","_et_gb_content_width":"","footnotes":""},"_links":{"self":[{"href":"https:\/\/www.arge-bau-consult.at\/index.php?rest_route=\/wp\/v2\/pages\/461"}],"collection":[{"href":"https:\/\/www.arge-bau-consult.at\/index.php?rest_route=\/wp\/v2\/pages"}],"about":[{"href":"https:\/\/www.arge-bau-consult.at\/index.php?rest_route=\/wp\/v2\/types\/page"}],"author":[{"embeddable":true,"href":"https:\/\/www.arge-bau-consult.at\/index.php?rest_route=\/wp\/v2\/users\/1"}],"replies":[{"embeddable":true,"href":"https:\/\/www.arge-bau-consult.at\/index.php?rest_route=%2Fwp%2Fv2%2Fcomments&post=461"}],"version-history":[{"count":15,"href":"https:\/\/www.arge-bau-consult.at\/index.php?rest_route=\/wp\/v2\/pages\/461\/revisions"}],"predecessor-version":[{"id":1359,"href":"https:\/\/www.arge-bau-consult.at\/index.php?rest_route=\/wp\/v2\/pages\/461\/revisions\/1359"}],"wp:attachment":[{"href":"https:\/\/www.arge-bau-consult.at\/index.php?rest_route=%2Fwp%2Fv2%2Fmedia&parent=461"}],"curies":[{"name":"wp","href":"https:\/\/api.w.org\/{rel}","templated":true}]}}